{"id":1138,"date":"2025-04-17T09:22:39","date_gmt":"2025-04-17T06:22:39","guid":{"rendered":"https:\/\/pbmskutuphane.com\/?page_id=1138"},"modified":"2025-05-07T14:52:33","modified_gmt":"2025-05-07T11:52:33","slug":"ozgun-siirleri-degerlendir","status":"publish","type":"page","link":"https:\/\/pbmskutuphane.com\/index.php\/ozgun-siirleri-degerlendir\/","title":{"rendered":"\u015e\u0130\u0130R YORUMLAMA"},"content":{"rendered":"\t\t<div data-elementor-type=\"wp-page\" data-elementor-id=\"1138\" class=\"elementor elementor-1138\">\n\t\t\t\t<div class=\"elementor-element elementor-element-97cf721 e-flex e-con-boxed e-con e-parent\" data-id=\"97cf721\" data-element_type=\"container\">\n\t\t\t\t\t<div class=\"e-con-inner\">\n\t\t\t\t<div class=\"elementor-element elementor-element-b9f8345 elementor-widget elementor-widget-shortcode\" data-id=\"b9f8345\" data-element_type=\"widget\" data-widget_type=\"shortcode.default\">\n\t\t\t\t<div class=\"elementor-widget-container\">\n\t\t\t\t\t\t\t<div class=\"elementor-shortcode\"><iframe src=\"https:\/\/pbmskutuphane.com\/siir_yorumlama\/siir_ekle.htm\" width=\"100%\" height=\"600\" style=\"border:none;\"><\/iframe>\n<\/div>\n\t\t\t\t\t\t<\/div>\n\t\t\t\t<\/div>\n\t\t\t\t\t<\/div>\n\t\t\t\t<\/div>\n\t\t<div class=\"elementor-element elementor-element-bc96d72 e-flex e-con-boxed e-con e-parent\" data-id=\"bc96d72\" data-element_type=\"container\">\n\t\t\t\t\t<div class=\"e-con-inner\">\n\t\t\t\t<div class=\"elementor-element elementor-element-2e6e2e5 elementor-widget elementor-widget-shortcode\" data-id=\"2e6e2e5\" data-element_type=\"widget\" data-widget_type=\"shortcode.default\">\n\t\t\t\t<div class=\"elementor-widget-container\">\n\t\t\t\t\t\t\t<div class=\"elementor-shortcode\"><iframe src=\"https:\/\/pbmskutuphane.com\/siir_yorumlama\/siirler.php\" width=\"100%\" height=\"600\" style=\"border:none;\"><\/iframe>\n<\/div>\n\t\t\t\t\t\t<\/div>\n\t\t\t\t<\/div>\n\t\t\t\t\t<\/div>\n\t\t\t\t<\/div>\n\t\t<div class=\"elementor-element elementor-element-1166bd0 e-flex e-con-boxed e-con e-parent\" data-id=\"1166bd0\" data-element_type=\"container\">\n\t\t\t\t\t<div class=\"e-con-inner\">\n\t\t\t\t<div class=\"elementor-element elementor-element-fc5c2d8 elementor-widget elementor-widget-shortcode\" data-id=\"fc5c2d8\" data-element_type=\"widget\" data-widget_type=\"shortcode.default\">\n\t\t\t\t<div class=\"elementor-widget-container\">\n\t\t\t\t\t\t\t<div class=\"elementor-shortcode\"><iframe src=\"https:\/\/pbmskutuphane.com\/siir_yorumlama\/main.php\" width=\"100%\" height=\"600\" style=\"border:none;\"><\/iframe>\n<\/div>\n\t\t\t\t\t\t<\/div>\n\t\t\t\t<\/div>\n\t\t\t\t\t<\/div>\n\t\t\t\t<\/div>\n\t\t\t\t<\/div>\n\t\t","protected":false},"excerpt":{"rendered":"","protected":false},"author":1,"featured_media":0,"parent":0,"menu_order":0,"comment_status":"closed","ping_status":"closed","template":"","meta":{"_acf_changed":false,"_glsr_average":0,"_glsr_ranking":0,"_glsr_reviews":0,"footnotes":""},"class_list":["post-1138","page","type-page","status-publish","hentry"],"acf":[],"magazineBlocksPostFeaturedMedia":{"thumbnail":false,"medium":false,"medium_large":false,"large":false,"1536x1536":false,"2048x2048":false,"colormag-highlighted-post":false,"colormag-featured-post-medium":false,"colormag-featured-post-small":false,"colormag-featured-image":false,"colormag-default-news":false,"colormag-featured-image-large":false,"colormag-elementor-block-extra-large-thumbnail":false,"colormag-elementor-grid-large-thumbnail":false,"colormag-elementor-grid-small-thumbnail":false,"colormag-elementor-grid-medium-large-thumbnail":false},"magazineBlocksPostAuthor":{"name":"Admin","avatar":"\/\/www.gravatar.com\/avatar\/fb47482fb3cd9471ea6e996403827ff7?s=96&#038;r=g&#038;d=mm"},"magazineBlocksPostCommentsNumber":false,"magazineBlocksPostExcerpt":"","magazineBlocksPostCategories":[],"magazineBlocksPostViewCount":0,"magazineBlocksPostReadTime":0,"_links":{"self":[{"href":"https:\/\/pbmskutuphane.com\/index.php\/wp-json\/wp\/v2\/pages\/1138"}],"collection":[{"href":"https:\/\/pbmskutuphane.com\/index.php\/wp-json\/wp\/v2\/pages"}],"about":[{"href":"https:\/\/pbmskutuphane.com\/index.php\/wp-json\/wp\/v2\/types\/page"}],"author":[{"embeddable":true,"href":"https:\/\/pbmskutuphane.com\/index.php\/wp-json\/wp\/v2\/users\/1"}],"replies":[{"embeddable":true,"href":"https:\/\/pbmskutuphane.com\/index.php\/wp-json\/wp\/v2\/comments?post=1138"}],"version-history":[{"count":34,"href":"https:\/\/pbmskutuphane.com\/index.php\/wp-json\/wp\/v2\/pages\/1138\/revisions"}],"predecessor-version":[{"id":1296,"href":"https:\/\/pbmskutuphane.com\/index.php\/wp-json\/wp\/v2\/pages\/1138\/revisions\/1296"}],"wp:attachment":[{"href":"https:\/\/pbmskutuphane.com\/index.php\/wp-json\/wp\/v2\/media?parent=1138"}],"curies":[{"name":"wp","href":"https:\/\/api.w.org\/{rel}","templated":true}]}}