{"id":31,"date":"2024-09-27T12:30:03","date_gmt":"2024-09-27T09:30:03","guid":{"rendered":"http:\/\/pbmskutuphane.com\/index.php\/front_page\/"},"modified":"2024-12-26T12:44:19","modified_gmt":"2024-12-26T09:44:19","slug":"front_page","status":"publish","type":"page","link":"https:\/\/pbmskutuphane.com\/","title":{"rendered":"Ana Sayfa"},"content":{"rendered":"\n\n\n\n\n\n\u0130LET\u0130\u015e\u0130M ADRESLER\u0130\n\n\n\n\nDelikta\u015f, 2015. Sk. No:41, 20170 Denizli Merkez\/Denizli\n\n\n\n+90 258 502 42 33\n\n\n\ninfo@pbmskutuphane.com\n\n\n\n\n\n\n","protected":false},"excerpt":{"rendered":"","protected":false},"author":1,"featured_media":0,"parent":0,"menu_order":0,"comment_status":"closed","ping_status":"closed","template":"","meta":{"_acf_changed":false,"_glsr_average":0,"_glsr_ranking":0,"_glsr_reviews":0,"footnotes":""},"class_list":["post-31","page","type-page","status-publish","hentry"],"acf":[],"magazineBlocksPostFeaturedMedia":{"thumbnail":false,"medium":false,"medium_large":false,"large":false,"1536x1536":false,"2048x2048":false,"colormag-highlighted-post":false,"colormag-featured-post-medium":false,"colormag-featured-post-small":false,"colormag-featured-image":false,"colormag-default-news":false,"colormag-featured-image-large":false,"colormag-elementor-block-extra-large-thumbnail":false,"colormag-elementor-grid-large-thumbnail":false,"colormag-elementor-grid-small-thumbnail":false,"colormag-elementor-grid-medium-large-thumbnail":false},"magazineBlocksPostAuthor":{"name":"Admin","avatar":"\/\/www.gravatar.com\/avatar\/fb47482fb3cd9471ea6e996403827ff7?s=96&#038;r=g&#038;d=mm"},"magazineBlocksPostCommentsNumber":false,"magazineBlocksPostExcerpt":"","magazineBlocksPostCategories":[],"magazineBlocksPostViewCount":0,"magazineBlocksPostReadTime":1,"_links":{"self":[{"href":"https:\/\/pbmskutuphane.com\/index.php\/wp-json\/wp\/v2\/pages\/31"}],"collection":[{"href":"https:\/\/pbmskutuphane.com\/index.php\/wp-json\/wp\/v2\/pages"}],"about":[{"href":"https:\/\/pbmskutuphane.com\/index.php\/wp-json\/wp\/v2\/types\/page"}],"author":[{"embeddable":true,"href":"https:\/\/pbmskutuphane.com\/index.php\/wp-json\/wp\/v2\/users\/1"}],"replies":[{"embeddable":true,"href":"https:\/\/pbmskutuphane.com\/index.php\/wp-json\/wp\/v2\/comments?post=31"}],"version-history":[{"count":15,"href":"https:\/\/pbmskutuphane.com\/index.php\/wp-json\/wp\/v2\/pages\/31\/revisions"}],"predecessor-version":[{"id":1032,"href":"https:\/\/pbmskutuphane.com\/index.php\/wp-json\/wp\/v2\/pages\/31\/revisions\/1032"}],"wp:attachment":[{"href":"https:\/\/pbmskutuphane.com\/index.php\/wp-json\/wp\/v2\/media?parent=31"}],"curies":[{"name":"wp","href":"https:\/\/api.w.org\/{rel}","templated":true}]}}